{"id":3309,"date":"2024-05-28T07:49:23","date_gmt":"2024-05-28T07:49:23","guid":{"rendered":"https:\/\/construccionsmodulars.es\/?page_id=3309"},"modified":"2025-12-15T11:40:49","modified_gmt":"2025-12-15T11:40:49","slug":"kit-digital","status":"publish","type":"page","link":"https:\/\/construccionsmodulars.es\/ca\/kit-digital\/","title":{"rendered":"Kit Digital"},"content":{"rendered":"<div class=\"fusion-fullwidth fullwidth-box fusion-builder-row-1 fusion-flex-container nonhundred-percent-fullwidth non-hundred-percent-height-scrolling\" style=\"--awb-border-radius-top-left:0px;--awb-border-radius-top-right:0px;--awb-border-radius-bottom-right:0px;--awb-border-radius-bottom-left:0px;--awb-flex-wrap:wrap;\" ><div class=\"fusion-builder-row fusion-row fusion-flex-align-items-flex-start fusion-flex-content-wrap\" style=\"max-width:1227.2px;margin-left: calc(-4% \/ 2 );margin-right: calc(-4% \/ 2 );\"><div class=\"fusion-layout-column fusion_builder_column fusion-builder-column-0 fusion_builder_column_1_1 1_1 fusion-flex-column\" style=\"--awb-bg-blend:overlay;--awb-bg-size:cover;--awb-width-large:100%;--awb-margin-top-large:0px;--awb-spacing-right-large:1.92%;--awb-margin-bottom-large:0px;--awb-spacing-left-large:1.92%;--awb-width-medium:100%;--awb-spacing-right-medium:1.92%;--awb-spacing-left-medium:1.92%;--awb-width-small:100%;--awb-spacing-right-small:1.92%;--awb-spacing-left-small:1.92%;\"><div class=\"fusion-column-wrapper fusion-flex-justify-content-flex-start fusion-content-layout-column\"><div class=\"fusion-text fusion-text-1\"><p style=\"text-align: center; color: var(--awb-color7); font-size: 14px; line-height: 20px;\" data-fusion-font=\"true\">Finan\u00e7at per la Uni\u00f3 Europea \u2013 NextGenerationEU. Tot i aix\u00f2, els punts de vista i les opinions expressades s\u00f3n \u00fanicament els de l&#8217;autor o autores i no reflecteixen necess\u00e0riament els de la Uni\u00f3 Europea o la Comissi\u00f3 Europea. Ni la Uni\u00f3 Europea ni la Comissi\u00f3 Europea no poden ser considerades responsables de les mateixes.<\/p>\n<\/div><div class=\"fusion-image-element \" style=\"text-align:center;--awb-max-width:666px;--awb-caption-title-font-family:var(--h2_typography-font-family);--awb-caption-title-font-weight:var(--h2_typography-font-weight);--awb-caption-title-font-style:var(--h2_typography-font-style);--awb-caption-title-size:var(--h2_typography-font-size);--awb-caption-title-transform:var(--h2_typography-text-transform);--awb-caption-title-line-height:var(--h2_typography-line-height);--awb-caption-title-letter-spacing:var(--h2_typography-letter-spacing);\"><span class=\" fusion-imageframe imageframe-none imageframe-1 hover-type-none\"><img decoding=\"async\" width=\"1024\" height=\"119\" title=\"kitdigital-imatge\" src=\"https:\/\/construccionsmodulars.es\/wp-content\/uploads\/2024\/05\/kit-digital-imatge.png\" data-orig-src=\"https:\/\/construccionsmodulars.es\/wp-content\/uploads\/2024\/05\/kit-digital-imatge-1024x119.png\" alt class=\"lazyload img-responsive wp-image-3312\" srcset=\"data:image\/svg+xml,%3Csvg%20xmlns%3D%27http%3A%2F%2Fwww.w3.org%2F2000%2Fsvg%27%20width%3D%272048%27%20height%3D%27237%27%20viewBox%3D%270%200%202048%20237%27%3E%3Crect%20width%3D%272048%27%20height%3D%27237%27%20fill-opacity%3D%220%22%2F%3E%3C%2Fsvg%3E\" data-srcset=\"https:\/\/construccionsmodulars.es\/wp-content\/uploads\/2024\/05\/kit-digital-imatge-200x23.png 200w, https:\/\/construccionsmodulars.es\/wp-content\/uploads\/2024\/05\/kit-digital-imatge-400x46.png 400w, https:\/\/construccionsmodulars.es\/wp-content\/uploads\/2024\/05\/kit-digital-imatge-600x69.png 600w, https:\/\/construccionsmodulars.es\/wp-content\/uploads\/2024\/05\/kit-digital-imatge-800x93.png 800w, https:\/\/construccionsmodulars.es\/wp-content\/uploads\/2024\/05\/kit-digital-imatge-1200x139.png 1200w\" data-sizes=\"auto\" data-orig-sizes=\"(max-width: 1000px) 100vw, (max-width: 640px) 100vw, 1200px\" \/><\/span><\/div><\/div><\/div><\/div><\/div>\n","protected":false},"excerpt":{"rendered":"","protected":false},"author":1,"featured_media":0,"parent":0,"menu_order":4000,"comment_status":"closed","ping_status":"closed","template":"","meta":{"footnotes":""},"class_list":["post-3309","page","type-page","status-publish","hentry"],"yoast_head":"<!-- This site is optimized with the Yoast SEO Premium plugin v25.1 (Yoast SEO v27.4) - https:\/\/yoast.com\/product\/yoast-seo-premium-wordpress\/ -->\n<title>Kit Digital - ModulAr<\/title>\n<meta name=\"robots\" content=\"index, follow, max-snippet:-1, max-image-preview:large, max-video-preview:-1\" \/>\n<link rel=\"canonical\" href=\"https:\/\/construccionsmodulars.es\/ca\/kit-digital\/\" \/>\n<meta property=\"og:locale\" content=\"ca_ES\" \/>\n<meta property=\"og:type\" content=\"article\" \/>\n<meta property=\"og:title\" content=\"Kit Digital\" \/>\n<meta property=\"og:url\" content=\"https:\/\/construccionsmodulars.es\/ca\/kit-digital\/\" \/>\n<meta property=\"og:site_name\" content=\"ModulAr\" \/>\n<meta property=\"article:publisher\" content=\"https:\/\/www.facebook.com\/ModularCasasyestructuras\" \/>\n<meta property=\"article:modified_time\" content=\"2025-12-15T11:40:49+00:00\" \/>\n<meta name=\"twitter:card\" content=\"summary_large_image\" \/>\n<meta name=\"twitter:label1\" content=\"Temps estimat de lectura\" \/>\n\t<meta name=\"twitter:data1\" content=\"1 minut\" \/>\n<script type=\"application\/ld+json\" class=\"yoast-schema-graph\">{\"@context\":\"https:\\\/\\\/schema.org\",\"@graph\":[{\"@type\":\"WebPage\",\"@id\":\"https:\\\/\\\/construccionsmodulars.es\\\/ca\\\/kit-digital\\\/\",\"url\":\"https:\\\/\\\/construccionsmodulars.es\\\/ca\\\/kit-digital\\\/\",\"name\":\"Kit Digital - ModulAr\",\"isPartOf\":{\"@id\":\"https:\\\/\\\/construccionsmodulars.es\\\/ca\\\/#website\"},\"datePublished\":\"2024-05-28T07:49:23+00:00\",\"dateModified\":\"2025-12-15T11:40:49+00:00\",\"breadcrumb\":{\"@id\":\"https:\\\/\\\/construccionsmodulars.es\\\/ca\\\/kit-digital\\\/#breadcrumb\"},\"inLanguage\":\"ca\",\"potentialAction\":[{\"@type\":\"ReadAction\",\"target\":[\"https:\\\/\\\/construccionsmodulars.es\\\/ca\\\/kit-digital\\\/\"]}]},{\"@type\":\"BreadcrumbList\",\"@id\":\"https:\\\/\\\/construccionsmodulars.es\\\/ca\\\/kit-digital\\\/#breadcrumb\",\"itemListElement\":[{\"@type\":\"ListItem\",\"position\":1,\"name\":\"Inici\",\"item\":\"https:\\\/\\\/construccionsmodulars.es\\\/ca\\\/\"},{\"@type\":\"ListItem\",\"position\":2,\"name\":\"Kit Digital\"}]},{\"@type\":\"WebSite\",\"@id\":\"https:\\\/\\\/construccionsmodulars.es\\\/ca\\\/#website\",\"url\":\"https:\\\/\\\/construccionsmodulars.es\\\/ca\\\/\",\"name\":\"ModulAr\",\"description\":\"Construccions Met\u00e0l.liques\",\"publisher\":{\"@id\":\"https:\\\/\\\/construccionsmodulars.es\\\/ca\\\/#organization\"},\"potentialAction\":[{\"@type\":\"SearchAction\",\"target\":{\"@type\":\"EntryPoint\",\"urlTemplate\":\"https:\\\/\\\/construccionsmodulars.es\\\/ca\\\/?s={search_term_string}\"},\"query-input\":{\"@type\":\"PropertyValueSpecification\",\"valueRequired\":true,\"valueName\":\"search_term_string\"}}],\"inLanguage\":\"ca\"},{\"@type\":\"Organization\",\"@id\":\"https:\\\/\\\/construccionsmodulars.es\\\/ca\\\/#organization\",\"name\":\"ModulAr\",\"url\":\"https:\\\/\\\/construccionsmodulars.es\\\/ca\\\/\",\"logo\":{\"@type\":\"ImageObject\",\"inLanguage\":\"ca\",\"@id\":\"https:\\\/\\\/construccionsmodulars.es\\\/ca\\\/#\\\/schema\\\/logo\\\/image\\\/\",\"url\":\"https:\\\/\\\/construccionsmodulars.es\\\/wp-content\\\/uploads\\\/2025\\\/06\\\/Logo_Modular_v03-18-scaled.jpg\",\"contentUrl\":\"https:\\\/\\\/construccionsmodulars.es\\\/wp-content\\\/uploads\\\/2025\\\/06\\\/Logo_Modular_v03-18-scaled.jpg\",\"width\":2560,\"height\":2560,\"caption\":\"ModulAr\"},\"image\":{\"@id\":\"https:\\\/\\\/construccionsmodulars.es\\\/ca\\\/#\\\/schema\\\/logo\\\/image\\\/\"},\"sameAs\":[\"https:\\\/\\\/www.facebook.com\\\/ModularCasasyestructuras\",\"https:\\\/\\\/www.instagram.com\\\/modular_estructuras_metalicas\\\/\"]}]}<\/script>\n<!-- \/ Yoast SEO Premium plugin. -->","yoast_head_json":{"title":"Kit Digital - ModulAr","robots":{"index":"index","follow":"follow","max-snippet":"max-snippet:-1","max-image-preview":"max-image-preview:large","max-video-preview":"max-video-preview:-1"},"canonical":"https:\/\/construccionsmodulars.es\/ca\/kit-digital\/","og_locale":"ca_ES","og_type":"article","og_title":"Kit Digital","og_url":"https:\/\/construccionsmodulars.es\/ca\/kit-digital\/","og_site_name":"ModulAr","article_publisher":"https:\/\/www.facebook.com\/ModularCasasyestructuras","article_modified_time":"2025-12-15T11:40:49+00:00","twitter_card":"summary_large_image","twitter_misc":{"Temps estimat de lectura":"1 minut"},"schema":{"@context":"https:\/\/schema.org","@graph":[{"@type":"WebPage","@id":"https:\/\/construccionsmodulars.es\/ca\/kit-digital\/","url":"https:\/\/construccionsmodulars.es\/ca\/kit-digital\/","name":"Kit Digital - ModulAr","isPartOf":{"@id":"https:\/\/construccionsmodulars.es\/ca\/#website"},"datePublished":"2024-05-28T07:49:23+00:00","dateModified":"2025-12-15T11:40:49+00:00","breadcrumb":{"@id":"https:\/\/construccionsmodulars.es\/ca\/kit-digital\/#breadcrumb"},"inLanguage":"ca","potentialAction":[{"@type":"ReadAction","target":["https:\/\/construccionsmodulars.es\/ca\/kit-digital\/"]}]},{"@type":"BreadcrumbList","@id":"https:\/\/construccionsmodulars.es\/ca\/kit-digital\/#breadcrumb","itemListElement":[{"@type":"ListItem","position":1,"name":"Inici","item":"https:\/\/construccionsmodulars.es\/ca\/"},{"@type":"ListItem","position":2,"name":"Kit Digital"}]},{"@type":"WebSite","@id":"https:\/\/construccionsmodulars.es\/ca\/#website","url":"https:\/\/construccionsmodulars.es\/ca\/","name":"ModulAr","description":"Construccions Met\u00e0l.liques","publisher":{"@id":"https:\/\/construccionsmodulars.es\/ca\/#organization"},"potentialAction":[{"@type":"SearchAction","target":{"@type":"EntryPoint","urlTemplate":"https:\/\/construccionsmodulars.es\/ca\/?s={search_term_string}"},"query-input":{"@type":"PropertyValueSpecification","valueRequired":true,"valueName":"search_term_string"}}],"inLanguage":"ca"},{"@type":"Organization","@id":"https:\/\/construccionsmodulars.es\/ca\/#organization","name":"ModulAr","url":"https:\/\/construccionsmodulars.es\/ca\/","logo":{"@type":"ImageObject","inLanguage":"ca","@id":"https:\/\/construccionsmodulars.es\/ca\/#\/schema\/logo\/image\/","url":"https:\/\/construccionsmodulars.es\/wp-content\/uploads\/2025\/06\/Logo_Modular_v03-18-scaled.jpg","contentUrl":"https:\/\/construccionsmodulars.es\/wp-content\/uploads\/2025\/06\/Logo_Modular_v03-18-scaled.jpg","width":2560,"height":2560,"caption":"ModulAr"},"image":{"@id":"https:\/\/construccionsmodulars.es\/ca\/#\/schema\/logo\/image\/"},"sameAs":["https:\/\/www.facebook.com\/ModularCasasyestructuras","https:\/\/www.instagram.com\/modular_estructuras_metalicas\/"]}]}},"_links":{"self":[{"href":"https:\/\/construccionsmodulars.es\/ca\/wp-json\/wp\/v2\/pages\/3309","targetHints":{"allow":["GET"]}}],"collection":[{"href":"https:\/\/construccionsmodulars.es\/ca\/wp-json\/wp\/v2\/pages"}],"about":[{"href":"https:\/\/construccionsmodulars.es\/ca\/wp-json\/wp\/v2\/types\/page"}],"author":[{"embeddable":true,"href":"https:\/\/construccionsmodulars.es\/ca\/wp-json\/wp\/v2\/users\/1"}],"replies":[{"embeddable":true,"href":"https:\/\/construccionsmodulars.es\/ca\/wp-json\/wp\/v2\/comments?post=3309"}],"version-history":[{"count":9,"href":"https:\/\/construccionsmodulars.es\/ca\/wp-json\/wp\/v2\/pages\/3309\/revisions"}],"predecessor-version":[{"id":4758,"href":"https:\/\/construccionsmodulars.es\/ca\/wp-json\/wp\/v2\/pages\/3309\/revisions\/4758"}],"wp:attachment":[{"href":"https:\/\/construccionsmodulars.es\/ca\/wp-json\/wp\/v2\/media?parent=3309"}],"curies":[{"name":"wp","href":"https:\/\/api.w.org\/{rel}","templated":true}]}}